{"id":7,"date":"2015-01-27T11:54:04","date_gmt":"2015-01-27T11:54:04","guid":{"rendered":"http:\/\/avada.theme-fusion.com_demos\/travel\/?page_id=7"},"modified":"2024-07-03T11:40:35","modified_gmt":"2024-07-03T11:40:35","slug":"hostal-puerta-del-sol-en-ciudad-rodrigo","status":"publish","type":"page","link":"https:\/\/hostalesenciudadrodrigo.com\/web\/","title":{"rendered":"Hostal Puerta del Sol &#8211; nuevo, econ\u00f3mico y confortable"},"content":{"rendered":"<p><div class=\"fusion-fullwidth fullwidth-box fusion-builder-row-1 hundred-percent-fullwidth non-hundred-percent-height-scrolling fusion-equal-height-columns\" style=\"--awb-background-position:left top;--awb-border-sizes-top:0px;--awb-border-sizes-bottom:0px;--awb-border-sizes-left:0px;--awb-border-sizes-right:0px;--awb-border-radius-top-left:0px;--awb-border-radius-top-right:0px;--awb-border-radius-bottom-right:0px;--awb-border-radius-bottom-left:0px;--awb-padding-top:90px;--awb-padding-right:0px;--awb-padding-bottom:0px;--awb-padding-left:0px;--awb-background-color:rgba(0,188,212,0);--awb-flex-wrap:wrap;\" ><div class=\"fusion-builder-row fusion-row\"><div class=\"fusion-layout-column fusion_builder_column fusion-builder-column-0 fusion_builder_column_1_2 1_2 fusion-one-half fusion-column-first\" style=\"--awb-bg-position:center center;--awb-bg-size:cover;width:48%; margin-right: 4%;\"><div class=\"fusion-column-wrapper fusion-flex-column-wrapper-legacy\"><div class=\"fusion-image-carousel fusion-image-carousel-auto fusion-image-carousel-1 fusion-no-small-visibility fusion-no-medium-visibility lightbox-enabled fusion-carousel-border\"><div class=\"awb-carousel awb-swiper awb-swiper-carousel awb-swiper-dots-position-bottom awb-carousel--carousel\" data-layout=\"carousel\" data-autoplay=\"no\" data-autoplayspeed=\"2500\" data-autoplaypause=\"no\" data-columns=\"1\" data-itemmargin=\"13\" data-itemwidth=\"180\" data-touchscroll=\"no\" data-freemode=\"no\" data-imagesize=\"auto\" data-scrollitems=\"0\" data-centeredslides=\"no\" data-rotationangle=\"50\" data-depth=\"100\" data-speed=\"500\" data-shadow=\"no\" style=\"--awb-columns:1;--awb-border-width:1px;--awb-border-color:#e9eaee;\"><div class=\"swiper-wrapper awb-image-carousel-wrapper fusion-flex-align-items-center\"><div class=\"swiper-slide\"><div class=\"fusion-carousel-item-wrapper\"><div class=\"fusion-image-wrapper hover-type-none\"><a data-rel=\"iLightbox[image_carousel_1]\" data-title=\"hostal-puerta-del-sol-003\" aria-label=\"hostal-puerta-del-sol-003\" href=\"http:\/\/hostalesenciudadrodrigo.com\/web\/wp-content\/uploads\/2017\/07\/hostal-puerta-del-sol-003-300x201.jpg\" target=\"_self\"><img decoding=\"async\" width=\"2000\" height=\"1340\" src=\"https:\/\/hostalesenciudadrodrigo.com\/web\/wp-content\/uploads\/2017\/07\/hostal-puerta-del-sol-003.jpg\" class=\"attachment-full size-full\" alt=\"\" srcset=\"https:\/\/hostalesenciudadrodrigo.com\/web\/wp-content\/uploads\/2017\/07\/hostal-puerta-del-sol-003-200x134.jpg 200w, https:\/\/hostalesenciudadrodrigo.com\/web\/wp-content\/uploads\/2017\/07\/hostal-puerta-del-sol-003-300x201.jpg 300w, https:\/\/hostalesenciudadrodrigo.com\/web\/wp-content\/uploads\/2017\/07\/hostal-puerta-del-sol-003-400x268.jpg 400w, https:\/\/hostalesenciudadrodrigo.com\/web\/wp-content\/uploads\/2017\/07\/hostal-puerta-del-sol-003-600x402.jpg 600w, https:\/\/hostalesenciudadrodrigo.com\/web\/wp-content\/uploads\/2017\/07\/hostal-puerta-del-sol-003-768x515.jpg 768w, https:\/\/hostalesenciudadrodrigo.com\/web\/wp-content\/uploads\/2017\/07\/hostal-puerta-del-sol-003-800x536.jpg 800w, https:\/\/hostalesenciudadrodrigo.com\/web\/wp-content\/uploads\/2017\/07\/hostal-puerta-del-sol-003-1024x686.jpg 1024w, https:\/\/hostalesenciudadrodrigo.com\/web\/wp-content\/uploads\/2017\/07\/hostal-puerta-del-sol-003-1200x804.jpg 1200w, https:\/\/hostalesenciudadrodrigo.com\/web\/wp-content\/uploads\/2017\/07\/hostal-puerta-del-sol-003.jpg 2000w\" sizes=\"(max-width: 2000px) 100vw, 2000px\" \/><\/a><\/div><\/div><\/div><\/div><div class=\"awb-swiper-button awb-swiper-button-prev\"><i class=\"awb-icon-angle-left\" aria-hidden=\"true\"><\/i><\/div><div class=\"awb-swiper-button awb-swiper-button-next\"><i class=\"awb-icon-angle-right\" aria-hidden=\"true\"><\/i><\/div><\/div><\/div><div class=\"fusion-clearfix\"><\/div><\/div><\/div><div class=\"fusion-layout-column fusion_builder_column fusion-builder-column-1 fusion_builder_column_1_2 1_2 fusion-one-half fusion-column-last special\" style=\"--awb-padding-top:30px;--awb-padding-right:15%;--awb-padding-bottom:30px;--awb-padding-left:30px;--awb-bg-size:cover;--awb-margin-bottom:0px;width:48%;\"><div class=\"fusion-column-wrapper fusion-flex-column-wrapper-legacy\"><div class=\"fusion-text fusion-text-1\"><h1 style=\"text-align: center;\">Bienvenido a Nuestro Hostal<\/h1>\n<\/div><div class=\"fusion-sep-clear\"><\/div><div class=\"fusion-separator separator-left\" style=\"margin-left: auto;margin-right: auto;margin-top:0px;margin-bottom:30px;width:100%;max-width:170px;\"><div class=\"fusion-separator-border sep-single sep-solid\" style=\"--awb-height:20px;--awb-amount:20px;--awb-sep-color:#000000;border-color:#000000;border-top-width:1px;\"><\/div><\/div><div class=\"fusion-sep-clear\"><\/div><div class=\"fusion-text fusion-text-2\"><h3 style=\"text-align: center;\"><strong>Puerta del Sol<\/strong> Hostal es un nuevo alojamiento hotelero de dos estrellas, de <strong>nueva planta<\/strong>, integrado en el entorno monumental de <strong>Ciudad Rodrigo<\/strong> (Salamanca).<\/h3>\n<\/div><div class=\"fusion-clearfix\"><\/div><\/div><\/div><\/div><\/div><div class=\"fusion-fullwidth fullwidth-box fusion-builder-row-2 nonhundred-percent-fullwidth non-hundred-percent-height-scrolling\" style=\"--awb-background-position:left top;--awb-border-sizes-top:0px;--awb-border-sizes-bottom:0px;--awb-border-sizes-left:0px;--awb-border-sizes-right:0px;--awb-border-radius-top-left:0px;--awb-border-radius-top-right:0px;--awb-border-radius-bottom-right:0px;--awb-border-radius-bottom-left:0px;--awb-padding-top:30px;--awb-padding-bottom:60px;--awb-flex-wrap:wrap;\" ><div class=\"fusion-builder-row fusion-row\"><div class=\"fusion-layout-column fusion_builder_column fusion-builder-column-2 fusion_builder_column_1_1 1_1 fusion-one-full fusion-column-first fusion-column-last\" style=\"--awb-bg-size:cover;\"><div class=\"fusion-column-wrapper fusion-flex-column-wrapper-legacy\"><div class=\"fusion-text fusion-text-3\"><p style=\"text-align: center;\">Nuestro peque\u00f1o hotel cuenta con <strong>14 habitaciones<\/strong> muy bien equipadas, dotadas de televisi\u00f3n, conexi\u00f3n a <strong>internet<\/strong>, climatizaci\u00f3n&#8230;<\/p>\n<p style=\"text-align: center;\">El Hostal\u00a0se encuentra ubicado dentro la ciudad amurallada, en <strong>Ciudad Rodrigo<\/strong> (Salamanca), junto a la famosa <strong>Puerta del Sol<\/strong> y a tan solo 200 metros de la <strong>Plaza Mayor<\/strong>, donde podr\u00e1n hacer sus compras, descubrir la riqu\u00edsima <strong>gastronom\u00eda<\/strong> mirobrigense, sentarse a descansar en sus terrazas, visitar monumentos, relajarse en su naturaleza&#8230;<\/p>\n<p style=\"text-align: center;\">Alojarte en nuestro <strong>confortable<\/strong> hostal ser\u00e1 la mejor opci\u00f3n para descansar, relajarte y descubrir nuestra bonita ciudad.<\/p>\n<\/div><div class=\"fusion-clearfix\"><\/div><\/div><\/div><\/div><\/div><div class=\"fusion-fullwidth fullwidth-box fusion-builder-row-3 nonhundred-percent-fullwidth non-hundred-percent-height-scrolling\" style=\"--awb-border-radius-top-left:0px;--awb-border-radius-top-right:0px;--awb-border-radius-bottom-right:0px;--awb-border-radius-bottom-left:0px;--awb-padding-top:20px;--awb-padding-bottom:20px;--awb-flex-wrap:wrap;\" ><div class=\"fusion-builder-row fusion-row\"><div class=\"fusion-layout-column fusion_builder_column fusion-builder-column-3 fusion_builder_column_1_1 1_1 fusion-one-full fusion-column-first fusion-column-last\" style=\"--awb-bg-size:cover;\"><div class=\"fusion-column-wrapper fusion-flex-column-wrapper-legacy\"><div class=\"fusion-clearfix\"><\/div><\/div><\/div><\/div><\/div><div class=\"fusion-fullwidth fullwidth-box fusion-builder-row-4 nonhundred-percent-fullwidth non-hundred-percent-height-scrolling\" style=\"--awb-background-position:left top;--awb-border-sizes-top:0px;--awb-border-sizes-bottom:0px;--awb-border-sizes-left:0px;--awb-border-sizes-right:0px;--awb-border-radius-top-left:0px;--awb-border-radius-top-right:0px;--awb-border-radius-bottom-right:0px;--awb-border-radius-bottom-left:0px;--awb-padding-top:60px;--awb-padding-bottom:45px;--awb-background-color:#f0f0ed;--awb-flex-wrap:wrap;\" ><div class=\"fusion-builder-row fusion-row\"><div class=\"fusion-layout-column fusion_builder_column fusion-builder-column-4 fusion_builder_column_1_2 1_2 fusion-one-half fusion-column-first fusion-column-no-min-height\" style=\"--awb-bg-size:cover;--awb-margin-bottom:0px;width:48%; margin-right: 4%;\"><div class=\"fusion-column-wrapper fusion-flex-column-wrapper-legacy\"><div class=\"fusion-text fusion-text-4\"><h1 style=\"text-align: center;\">Gastronom\u00eda<\/h1>\n<\/div><div class=\"fusion-sep-clear\"><\/div><div class=\"fusion-separator\" style=\"margin-left: auto;margin-right: auto;margin-bottom:40px;width:100%;max-width:170px;\"><div class=\"fusion-separator-border sep-single sep-solid\" style=\"--awb-height:20px;--awb-amount:20px;--awb-sep-color:#000000;border-color:#000000;border-top-width:1px;\"><\/div><\/div><div class=\"fusion-sep-clear\"><\/div><div class=\"fusion-text fusion-text-5\"><h3 style=\"text-align: center;\">La gastronom\u00eda mirobrigense de nuestra tierra conserva todo el humilde gusto de los platos cocinados tiempos atr\u00e1s.<\/h3>\n<\/div><div class=\"fusion-clearfix\"><\/div><\/div><\/div><div class=\"fusion-layout-column fusion_builder_column fusion-builder-column-5 fusion_builder_column_1_2 1_2 fusion-one-half fusion-column-last\" style=\"--awb-bg-size:cover;width:48%;\"><div class=\"fusion-column-wrapper fusion-flex-column-wrapper-legacy\"><div class=\"fusion-image-carousel fusion-image-carousel-auto fusion-image-carousel-2 fusion-no-small-visibility fusion-no-medium-visibility lightbox-enabled fusion-carousel-border\"><div class=\"awb-carousel awb-swiper awb-swiper-carousel awb-swiper-dots-position-bottom awb-carousel--carousel\" data-layout=\"carousel\" data-autoplay=\"no\" data-autoplayspeed=\"2500\" data-autoplaypause=\"no\" data-columns=\"1\" data-itemmargin=\"13\" data-itemwidth=\"180\" data-touchscroll=\"no\" data-freemode=\"no\" data-imagesize=\"auto\" data-scrollitems=\"0\" data-centeredslides=\"no\" data-rotationangle=\"50\" data-depth=\"100\" data-speed=\"500\" data-shadow=\"no\" style=\"--awb-columns:1;--awb-border-width:1px;--awb-border-color:#e9eaee;\"><div class=\"swiper-wrapper awb-image-carousel-wrapper fusion-flex-align-items-center\"><div class=\"swiper-slide\"><div class=\"fusion-carousel-item-wrapper\"><div class=\"fusion-image-wrapper hover-type-none\"><a data-rel=\"iLightbox[image_carousel_2]\" data-title=\"hornazo\" aria-label=\"hornazo\" href=\"http:\/\/hostalesenciudadrodrigo.com\/web\/wp-content\/uploads\/2015\/01\/hornazo-300x168.jpg\" target=\"_self\"><img decoding=\"async\" width=\"624\" height=\"350\" src=\"https:\/\/hostalesenciudadrodrigo.com\/web\/wp-content\/uploads\/2015\/01\/hornazo.jpg\" class=\"attachment-full size-full\" alt=\"\" srcset=\"https:\/\/hostalesenciudadrodrigo.com\/web\/wp-content\/uploads\/2015\/01\/hornazo-200x112.jpg 200w, https:\/\/hostalesenciudadrodrigo.com\/web\/wp-content\/uploads\/2015\/01\/hornazo-300x168.jpg 300w, https:\/\/hostalesenciudadrodrigo.com\/web\/wp-content\/uploads\/2015\/01\/hornazo-400x224.jpg 400w, https:\/\/hostalesenciudadrodrigo.com\/web\/wp-content\/uploads\/2015\/01\/hornazo-600x337.jpg 600w, https:\/\/hostalesenciudadrodrigo.com\/web\/wp-content\/uploads\/2015\/01\/hornazo.jpg 624w\" sizes=\"(max-width: 624px) 100vw, 624px\" \/><\/a><\/div><\/div><\/div><\/div><div class=\"awb-swiper-button awb-swiper-button-prev\"><i class=\"awb-icon-angle-left\" aria-hidden=\"true\"><\/i><\/div><div class=\"awb-swiper-button awb-swiper-button-next\"><i class=\"awb-icon-angle-right\" aria-hidden=\"true\"><\/i><\/div><\/div><\/div><div class=\"fusion-clearfix\"><\/div><\/div><\/div><div class=\"fusion-layout-column fusion_builder_column fusion-builder-column-6 fusion_builder_column_1_1 1_1 fusion-one-full fusion-column-first fusion-column-last fusion-column-no-min-height\" style=\"--awb-bg-size:cover;--awb-margin-bottom:0px;\"><div class=\"fusion-column-wrapper fusion-flex-column-wrapper-legacy\"><div class=\"fusion-sep-clear\"><\/div><div class=\"fusion-separator fusion-full-width-sep\" style=\"margin-left: auto;margin-right: auto;margin-top:20px;width:100%;max-width:100%;\"><\/div><div class=\"fusion-sep-clear\"><\/div><div class=\"fusion-text fusion-text-6\"><p style=\"text-align: center;\">Las deliciosas carnes de la zona, tienen una excelente calidad gracias a los campos de encinas, donde el <strong>toro bravo<\/strong> y el cerdo ib\u00e9rico campan a sus anchas.<\/p>\n<p style=\"text-align: center;\">Descubre sus deliciosos <strong>platos t\u00edpicos<\/strong>, como son los <strong>huevos con farinato<\/strong>, las Duquesitas&#8230;<\/p>\n<\/div><div class=\"fusion-clearfix\"><\/div><\/div><\/div><div class=\"fusion-layout-column fusion_builder_column fusion-builder-column-7 fusion_builder_column_1_1 1_1 fusion-one-full fusion-column-first fusion-column-last fusion-column-no-min-height\" style=\"--awb-bg-size:cover;--awb-margin-bottom:0px;\"><div class=\"fusion-column-wrapper fusion-flex-column-wrapper-legacy\"><div class=\"fusion-sep-clear\"><\/div><div class=\"fusion-separator fusion-full-width-sep\" style=\"margin-left: auto;margin-right: auto;margin-top:20px;width:100%;max-width:100%;\"><\/div><div class=\"fusion-sep-clear\"><\/div><div class=\"fusion-image-element in-legacy-container\" style=\"--awb-caption-title-font-family:var(--h2_typography-font-family);--awb-caption-title-font-weight:var(--h2_typography-font-weight);--awb-caption-title-font-style:var(--h2_typography-font-style);--awb-caption-title-size:var(--h2_typography-font-size);--awb-caption-title-transform:var(--h2_typography-text-transform);--awb-caption-title-line-height:var(--h2_typography-line-height);--awb-caption-title-letter-spacing:var(--h2_typography-letter-spacing);\"><span class=\" fusion-imageframe imageframe-none imageframe-1 hover-type-none\"><img decoding=\"async\" width=\"1024\" height=\"2560\" title=\"Hostal-puerta-del-sol-doc\" src=\"http:\/\/hostalesenciudadrodrigo.com\/web\/wp-content\/uploads\/2024\/07\/Hostal-puerta-del-sol-doc-scaled.jpg\" alt class=\"img-responsive wp-image-1115\" srcset=\"https:\/\/hostalesenciudadrodrigo.com\/web\/wp-content\/uploads\/2024\/07\/Hostal-puerta-del-sol-doc-200x500.jpg 200w, https:\/\/hostalesenciudadrodrigo.com\/web\/wp-content\/uploads\/2024\/07\/Hostal-puerta-del-sol-doc-400x1000.jpg 400w, https:\/\/hostalesenciudadrodrigo.com\/web\/wp-content\/uploads\/2024\/07\/Hostal-puerta-del-sol-doc-600x1500.jpg 600w, https:\/\/hostalesenciudadrodrigo.com\/web\/wp-content\/uploads\/2024\/07\/Hostal-puerta-del-sol-doc-800x2000.jpg 800w, https:\/\/hostalesenciudadrodrigo.com\/web\/wp-content\/uploads\/2024\/07\/Hostal-puerta-del-sol-doc-scaled.jpg 1024w, https:\/\/hostalesenciudadrodrigo.com\/web\/wp-content\/uploads\/2024\/07\/Hostal-puerta-del-sol-doc-1200x3000.jpg 1200w\" sizes=\"(max-width: 1080px) 100vw, 1200px\" \/><\/span><\/div><div class=\"fusion-clearfix\"><\/div><\/div><\/div><\/div><\/div><\/p>\n","protected":false},"excerpt":{"rendered":"","protected":false},"author":1,"featured_media":0,"parent":0,"menu_order":0,"comment_status":"closed","ping_status":"closed","template":"100-width.php","meta":{"footnotes":""},"class_list":["post-7","page","type-page","status-publish","hentry"],"_links":{"self":[{"href":"https:\/\/hostalesenciudadrodrigo.com\/web\/wp-json\/wp\/v2\/pages\/7","targetHints":{"allow":["GET"]}}],"collection":[{"href":"https:\/\/hostalesenciudadrodrigo.com\/web\/wp-json\/wp\/v2\/pages"}],"about":[{"href":"https:\/\/hostalesenciudadrodrigo.com\/web\/wp-json\/wp\/v2\/types\/page"}],"author":[{"embeddable":true,"href":"https:\/\/hostalesenciudadrodrigo.com\/web\/wp-json\/wp\/v2\/users\/1"}],"replies":[{"embeddable":true,"href":"https:\/\/hostalesenciudadrodrigo.com\/web\/wp-json\/wp\/v2\/comments?post=7"}],"version-history":[{"count":21,"href":"https:\/\/hostalesenciudadrodrigo.com\/web\/wp-json\/wp\/v2\/pages\/7\/revisions"}],"predecessor-version":[{"id":1116,"href":"https:\/\/hostalesenciudadrodrigo.com\/web\/wp-json\/wp\/v2\/pages\/7\/revisions\/1116"}],"wp:attachment":[{"href":"https:\/\/hostalesenciudadrodrigo.com\/web\/wp-json\/wp\/v2\/media?parent=7"}],"curies":[{"name":"wp","href":"https:\/\/api.w.org\/{rel}","templated":true}]}}