{"id":13,"date":"2015-01-27T11:54:55","date_gmt":"2015-01-27T11:54:55","guid":{"rendered":"http:\/\/avada.theme-fusion.com_demos\/travel\/?page_id=13"},"modified":"2017-07-21T11:29:56","modified_gmt":"2017-07-21T11:29:56","slug":"alojamiento-en-ciudad-rodrigo-salamanca","status":"publish","type":"page","link":"https:\/\/hostalesenciudadrodrigo.com\/web\/alojamiento-en-ciudad-rodrigo-salamanca\/","title":{"rendered":"Hoteles en Ciudad Rodrigo"},"content":{"rendered":"<p><div class=\"fusion-fullwidth fullwidth-box fusion-builder-row-1 nonhundred-percent-fullwidth non-hundred-percent-height-scrolling\" style=\"--awb-background-position:left top;--awb-border-radius-top-left:0px;--awb-border-radius-top-right:0px;--awb-border-radius-bottom-right:0px;--awb-border-radius-bottom-left:0px;--awb-padding-top:80px;--awb-padding-bottom:80px;--awb-background-color:#fff3e5;--awb-border-sizes-top:0px;--awb-border-sizes-bottom:0px;--awb-flex-wrap:wrap;\" ><div class=\"fusion-builder-row fusion-row\"><div class=\"fusion-layout-column fusion_builder_column fusion-builder-column-0 fusion_builder_column_1_1 1_1 fusion-one-full fusion-column-first fusion-column-last fusion-column-no-min-height\" style=\"--awb-bg-size:cover;--awb-margin-bottom:0px;\"><div class=\"fusion-column-wrapper fusion-flex-column-wrapper-legacy\"><div class=\"fusion-text fusion-text-1\"><h1 style=\"text-align: center;\">Breve rese\u00f1a hist\u00f3rica de <strong>Ciudad Rodrigo<\/strong><\/h1>\n<\/div><div class=\"fusion-sep-clear\"><\/div><div class=\"fusion-separator\" style=\"margin-left: auto;margin-right: auto;margin-bottom:30px;width:100%;max-width:170px;\"><div class=\"fusion-separator-border sep-single sep-solid\" style=\"--awb-height:20px;--awb-amount:20px;--awb-sep-color:#000000;border-color:#000000;border-top-width:1px;\"><\/div><\/div><div class=\"fusion-sep-clear\"><\/div><div class=\"fusion-text fusion-text-2\"><h3 style=\"text-align: center;\">Rodeado su casco antiguo de fosos y<strong> murallas<\/strong>, se debe precisamente a esa encrucijada en que se encuentra ubicada, situaci\u00f3n <strong>fronteriza<\/strong> y por ende guerrera.<\/h3>\n<\/div><div class=\"fusion-clearfix\"><\/div><\/div><\/div><div class=\"fusion-layout-column fusion_builder_column fusion-builder-column-1 fusion_builder_column_1_3 1_3 fusion-one-third fusion-column-first\" style=\"--awb-bg-size:cover;width:33.333333333333%;width:calc(33.333333333333% - ( ( 4% + 4% ) * 0.33333333333333 ) );margin-right: 4%;\"><div class=\"fusion-column-wrapper fusion-flex-column-wrapper-legacy\"><div class=\"fusion-text fusion-text-3\"><p>Una de las primeras referencias <strong>medievales<\/strong> m\u00e1s tempranas aparece en 1136 cuando aparece citada como Civitatem de Rodric atribuy\u00e9ndose una repoblaci\u00f3n fracasada a un denominado Conde Rodrigo durante el reinado de Alfonso VI.<\/p>\n<p>Con el fin de que la misma se consolidara plenamente dispuso la construcci\u00f3n de <strong>murallas<\/strong> y la dot\u00f3 de silla episcopal, sede que ser\u00eda reconocida por Roma en 1175, otorg\u00e1ndole un fuero en 1185. As\u00ed mismo iniciar\u00eda la construcci\u00f3n de la <strong>catedral<\/strong> y otra serie de edificaciones.<\/p>\n<p>Dada esa condici\u00f3n de punto estrat\u00e9gico, durante los siglos XIII, XIV y XV participar\u00eda en las guerras con <strong>Portugal<\/strong> y en todas las contiendas civiles que asolaron los reinos castellano-leoneses durante esas centurias.<\/p>\n<\/div><div class=\"fusion-clearfix\"><\/div><\/div><\/div><div class=\"fusion-layout-column fusion_builder_column fusion-builder-column-2 fusion_builder_column_1_3 1_3 fusion-one-third\" style=\"--awb-bg-size:cover;width:33.333333333333%;width:calc(33.333333333333% - ( ( 4% + 4% ) * 0.33333333333333 ) );margin-right: 4%;\"><div class=\"fusion-column-wrapper fusion-flex-column-wrapper-legacy\"><div class=\"fusion-text fusion-text-4\"><p>A pesar de todo, el siglo XV y el XVI supone para la ciudad una de las \u00e9pocas de mayor esplendor y prosperidad. De este tiempo son algunos de los <strong>palacios<\/strong>, casas nobles y <strong>edificios religiosos<\/strong> m\u00e1s importantes que actualmente se conservan. Con el siglo XVII llegar\u00eda, como a toda Espa\u00f1a, una \u00e9poca de crisis que se va remontando poco a poco durante el XVIII con la llegada de la <strong>Ilustraci\u00f3n<\/strong> que tambi\u00e9n tendr\u00eda sus episodios en <strong>Ciudad Rodrigo<\/strong>, donde incluso se llegar\u00e1 a establecer una Sociedad de Amigos del Pa\u00eds.\u00a0Esta centuria es altamente positiva en cuanto a la aparici\u00f3n de instituciones docentes y ben\u00e9ficas como puede ser el Seminario \u201cSan Cayetano\u201d o el Hospicio en cuyas construcciones y funcionamiento participan todos los poderes de la Ciudad y otras obras p\u00fablicas como la mejora de sus <strong>murallas<\/strong> que hoy d\u00eda son consideradas por los especialistas como uno de los mejores ejemplos de la <strong>arquitectura militar<\/strong> abaluartada de toda Espa\u00f1a.<\/p>\n<\/div><div class=\"fusion-clearfix\"><\/div><\/div><\/div><div class=\"fusion-layout-column fusion_builder_column fusion-builder-column-3 fusion_builder_column_1_3 1_3 fusion-one-third fusion-column-last\" style=\"--awb-bg-size:cover;width:33.333333333333%;width:calc(33.333333333333% - ( ( 4% + 4% ) * 0.33333333333333 ) );\"><div class=\"fusion-column-wrapper fusion-flex-column-wrapper-legacy\"><div class=\"fusion-text fusion-text-5\"><p><strong>La<\/strong> Guerra de la <strong>Independencia<\/strong> supondr\u00eda una destrucci\u00f3n masiva de la riqueza de la Ciudad y su comarca, que la llevar\u00eda, junto con la p\u00e9rdida de su inter\u00e9s militar, a dejar atr\u00e1s esa importancia que a lo largo de la historia hab\u00eda venido desempe\u00f1ando.<\/p>\n<p>No obstante todos estos avatares hist\u00f3ricos, <strong>Ciudad Rodrigo<\/strong> cuenta en la actualidad con un importante patrimonio monumental lo que har\u00eda que todo recinto amurallado, donde se encuentran la citada <strong>Catedral<\/strong>, un Castillo edificado por Enrique II de Trastamara, <strong>conventos<\/strong> e iglesias, palacios y casas nobles fuera declarado <strong>Monumento Hist\u00f3rico Art\u00edstico<\/strong> en la temprana fecha de 1.944, siendo una Ciudad que despierta la admiraci\u00f3n de todos cuantos la visitan.<\/p>\n<\/div><div class=\"fusion-clearfix\"><\/div><\/div><\/div><div class=\"fusion-layout-column fusion_builder_column fusion-builder-column-4 fusion_builder_column_1_1 1_1 fusion-one-full fusion-column-first fusion-column-last\" style=\"--awb-bg-size:cover;\"><div class=\"fusion-column-wrapper fusion-flex-column-wrapper-legacy\"><div class=\"fusion-image-carousel fusion-image-carousel-auto fusion-image-carousel-1 lightbox-enabled fusion-carousel-border\"><div class=\"awb-carousel awb-swiper awb-swiper-carousel awb-swiper-dots-position-bottom awb-carousel--carousel\" data-layout=\"carousel\" data-autoplay=\"no\" data-autoplayspeed=\"2500\" data-autoplaypause=\"no\" data-columns=\"3\" data-itemmargin=\"13\" data-itemwidth=\"180\" data-touchscroll=\"no\" data-freemode=\"no\" data-imagesize=\"auto\" data-scrollitems=\"0\" data-centeredslides=\"no\" data-rotationangle=\"50\" data-depth=\"100\" data-speed=\"500\" data-shadow=\"no\" style=\"--awb-columns:3;--awb-border-width:1px;--awb-border-color:#e9eaee;\"><div class=\"swiper-wrapper awb-image-carousel-wrapper fusion-flex-align-items-center\"><div class=\"swiper-slide\"><div class=\"fusion-carousel-item-wrapper\"><div class=\"fusion-image-wrapper hover-type-none\"><a data-rel=\"iLightbox[image_carousel_1]\" data-title=\"catedral-ciudad-rodrigo\" aria-label=\"catedral-ciudad-rodrigo\" href=\"http:\/\/hostalesenciudadrodrigo.com\/web\/wp-content\/uploads\/2015\/01\/catedral-ciudad-rodrigo-300x300.jpg\" target=\"_self\"><img decoding=\"async\" width=\"400\" height=\"400\" src=\"https:\/\/hostalesenciudadrodrigo.com\/web\/wp-content\/uploads\/2015\/01\/catedral-ciudad-rodrigo.jpg\" class=\"attachment-full size-full\" alt=\"\" srcset=\"https:\/\/hostalesenciudadrodrigo.com\/web\/wp-content\/uploads\/2015\/01\/catedral-ciudad-rodrigo-200x200.jpg 200w, https:\/\/hostalesenciudadrodrigo.com\/web\/wp-content\/uploads\/2015\/01\/catedral-ciudad-rodrigo.jpg 400w\" sizes=\"(min-width: 2200px) 100vw, (min-width: 1104px) 381px, (min-width: 1012px) 572px, (min-width: 920px) 1012px, \" \/><\/a><\/div><\/div><\/div><div class=\"swiper-slide\"><div class=\"fusion-carousel-item-wrapper\"><div class=\"fusion-image-wrapper hover-type-none\"><a data-rel=\"iLightbox[image_carousel_1]\" data-title=\"canon-ciudad-rodrigo\" aria-label=\"canon-ciudad-rodrigo\" href=\"http:\/\/hostalesenciudadrodrigo.com\/web\/wp-content\/uploads\/2015\/01\/canon-ciudad-rodrigo-300x300.jpg\" target=\"_self\"><img decoding=\"async\" width=\"400\" height=\"400\" src=\"https:\/\/hostalesenciudadrodrigo.com\/web\/wp-content\/uploads\/2015\/01\/canon-ciudad-rodrigo.jpg\" class=\"attachment-full size-full\" alt=\"\" srcset=\"https:\/\/hostalesenciudadrodrigo.com\/web\/wp-content\/uploads\/2015\/01\/canon-ciudad-rodrigo-200x200.jpg 200w, https:\/\/hostalesenciudadrodrigo.com\/web\/wp-content\/uploads\/2015\/01\/canon-ciudad-rodrigo.jpg 400w\" sizes=\"(min-width: 2200px) 100vw, (min-width: 1104px) 381px, (min-width: 1012px) 572px, (min-width: 920px) 1012px, \" \/><\/a><\/div><\/div><\/div><div class=\"swiper-slide\"><div class=\"fusion-carousel-item-wrapper\"><div class=\"fusion-image-wrapper hover-type-none\"><a data-rel=\"iLightbox[image_carousel_1]\" data-title=\"tres-columnas-ciudad-rodrigo\" aria-label=\"tres-columnas-ciudad-rodrigo\" href=\"http:\/\/hostalesenciudadrodrigo.com\/web\/wp-content\/uploads\/2015\/01\/tres-columnas-ciudad-rodrigo-300x300.jpg\" target=\"_self\"><img decoding=\"async\" width=\"400\" height=\"400\" src=\"https:\/\/hostalesenciudadrodrigo.com\/web\/wp-content\/uploads\/2015\/01\/tres-columnas-ciudad-rodrigo.jpg\" class=\"attachment-full size-full\" alt=\"\" srcset=\"https:\/\/hostalesenciudadrodrigo.com\/web\/wp-content\/uploads\/2015\/01\/tres-columnas-ciudad-rodrigo-200x200.jpg 200w, https:\/\/hostalesenciudadrodrigo.com\/web\/wp-content\/uploads\/2015\/01\/tres-columnas-ciudad-rodrigo.jpg 400w\" sizes=\"(min-width: 2200px) 100vw, (min-width: 1104px) 381px, (min-width: 1012px) 572px, (min-width: 920px) 1012px, \" \/><\/a><\/div><\/div><\/div><\/div><div class=\"awb-swiper-button awb-swiper-button-prev\"><i class=\"awb-icon-angle-left\" aria-hidden=\"true\"><\/i><\/div><div class=\"awb-swiper-button awb-swiper-button-next\"><i class=\"awb-icon-angle-right\" aria-hidden=\"true\"><\/i><\/div><\/div><\/div><div class=\"fusion-clearfix\"><\/div><\/div><\/div><\/div><\/div><div class=\"fusion-fullwidth fullwidth-box fusion-builder-row-2 nonhundred-percent-fullwidth non-hundred-percent-height-scrolling\" style=\"--awb-border-radius-top-left:0px;--awb-border-radius-top-right:0px;--awb-border-radius-bottom-right:0px;--awb-border-radius-bottom-left:0px;--awb-padding-top:20px;--awb-padding-bottom:20px;--awb-flex-wrap:wrap;\" ><div class=\"fusion-builder-row fusion-row\"><div class=\"fusion-layout-column fusion_builder_column fusion-builder-column-5 fusion_builder_column_1_1 1_1 fusion-one-full fusion-column-first fusion-column-last\" style=\"--awb-bg-size:cover;\"><div class=\"fusion-column-wrapper fusion-flex-column-wrapper-legacy\"><div class=\"fusion-text fusion-text-6\"><h1 style=\"text-align: center;\">Momentos importantes del a\u00f1o.<\/h1>\n<\/div><div class=\"fusion-sep-clear\"><\/div><div class=\"fusion-separator\" style=\"margin-left: auto;margin-right: auto;margin-bottom:30px;width:100%;max-width:170px;\"><div class=\"fusion-separator-border sep-single sep-solid\" style=\"--awb-height:20px;--awb-amount:20px;--awb-sep-color:#000000;border-color:#000000;border-top-width:1px;\"><\/div><\/div><div class=\"fusion-sep-clear\"><\/div><div class=\"fusion-text fusion-text-7\"><h3 style=\"text-align: center;\"><strong>El Carnaval del Toro, Semana Santa, Feria de Teatro&#8230;<\/strong><\/h3>\n<\/div><div class=\"fusion-clearfix\"><\/div><\/div><\/div><div class=\"fusion-layout-column fusion_builder_column fusion-builder-column-6 fusion_builder_column_1_3 1_3 fusion-one-third fusion-column-first\" style=\"--awb-bg-size:cover;width:33.333333333333%;width:calc(33.333333333333% - ( ( 4% + 4% ) * 0.33333333333333 ) );margin-right: 4%;\"><div class=\"fusion-column-wrapper fusion-flex-column-wrapper-legacy\"><div class=\"fusion-text fusion-text-8\"><p>El <strong>Carnaval del Toro<\/strong> puede ser considerado el m\u00e1s antiguo de Espa\u00f1a, hay un documento de la \u00e9poca de los Reyes Cat\u00f3licos que as\u00ed lo demuestra. Se trata de la fiesta m\u00e1s importante de <strong>Ciudad Rodrigo<\/strong>, que atrae a miles de visitantes de todo el mundo durante la semana m\u00e1s intensa del a\u00f1o en Mir\u00f3briga. Conoce su historia, la tradici\u00f3n, entra en la fiesta.<\/p>\n<\/div><div class=\"fusion-clearfix\"><\/div><\/div><\/div><div class=\"fusion-layout-column fusion_builder_column fusion-builder-column-7 fusion_builder_column_1_3 1_3 fusion-one-third\" style=\"--awb-bg-size:cover;width:33.333333333333%;width:calc(33.333333333333% - ( ( 4% + 4% ) * 0.33333333333333 ) );margin-right: 4%;\"><div class=\"fusion-column-wrapper fusion-flex-column-wrapper-legacy\"><div class=\"fusion-text fusion-text-9\"><p>La <strong>Semana Santa<\/strong> de <strong>Ciudad Rodrigo<\/strong> est\u00e1 adquiriendo en los \u00faltimos a\u00f1os una gran importancia a la que ha contribuido, sin duda, el impresionante escenario hist\u00f3rico con el que cuenta la ciudad. Sus calles, sus piedras, sus palacios son el mejor marco imaginable para la representaci\u00f3n de la <strong>Pasi\u00f3n de Jesucristo<\/strong>.<\/p>\n<\/div><div class=\"fusion-clearfix\"><\/div><\/div><\/div><div class=\"fusion-layout-column fusion_builder_column fusion-builder-column-8 fusion_builder_column_1_3 1_3 fusion-one-third fusion-column-last\" style=\"--awb-bg-size:cover;width:33.333333333333%;width:calc(33.333333333333% - ( ( 4% + 4% ) * 0.33333333333333 ) );\"><div class=\"fusion-column-wrapper fusion-flex-column-wrapper-legacy\"><div class=\"fusion-text fusion-text-10\"><p>Desde hace varios a\u00f1os se viene celebrando en la se\u00f1orial Ciudad Rodrigo la <strong>Feria de Teatro de Castilla y Le\u00f3n<\/strong>. Durante la \u00faltima semana de agosto, la ciudad se convierte en el mercado anual de las artes esc\u00e9nicas. Visita su p\u00e1gina web <a href=\"http:\/\/www.feriadeteatro.es\" target=\"_blank\">www.feriadeteatro.es<\/a><\/p>\n<\/div><div class=\"fusion-clearfix\"><\/div><\/div><\/div><div class=\"fusion-layout-column fusion_builder_column fusion-builder-column-9 fusion_builder_column_1_1 1_1 fusion-one-full fusion-column-first fusion-column-last\" style=\"--awb-bg-size:cover;\"><div class=\"fusion-column-wrapper fusion-flex-column-wrapper-legacy\"><div class=\"fusion-image-carousel fusion-image-carousel-auto fusion-image-carousel-2 lightbox-enabled fusion-carousel-border\"><div class=\"awb-carousel awb-swiper awb-swiper-carousel awb-swiper-dots-position-bottom awb-carousel--carousel\" data-layout=\"carousel\" data-autoplay=\"no\" data-autoplayspeed=\"2500\" data-autoplaypause=\"no\" data-columns=\"3\" data-itemmargin=\"13\" data-itemwidth=\"180\" data-touchscroll=\"no\" data-freemode=\"no\" data-imagesize=\"auto\" data-scrollitems=\"0\" data-centeredslides=\"no\" data-rotationangle=\"50\" data-depth=\"100\" data-speed=\"500\" data-shadow=\"no\" style=\"--awb-columns:3;--awb-border-width:1px;--awb-border-color:#e9eaee;\"><div class=\"swiper-wrapper awb-image-carousel-wrapper fusion-flex-align-items-center\"><div class=\"swiper-slide\"><div class=\"fusion-carousel-item-wrapper\"><div class=\"fusion-image-wrapper hover-type-none\"><a data-rel=\"iLightbox[image_carousel_2]\" data-title=\"toro-carnaval\" aria-label=\"toro-carnaval\" href=\"http:\/\/hostalesenciudadrodrigo.com\/web\/wp-content\/uploads\/2015\/01\/toro-carnaval-300x300.jpg\" target=\"_self\"><img decoding=\"async\" width=\"400\" height=\"400\" src=\"https:\/\/hostalesenciudadrodrigo.com\/web\/wp-content\/uploads\/2015\/01\/toro-carnaval.jpg\" class=\"attachment-full size-full\" alt=\"\" srcset=\"https:\/\/hostalesenciudadrodrigo.com\/web\/wp-content\/uploads\/2015\/01\/toro-carnaval-200x200.jpg 200w, https:\/\/hostalesenciudadrodrigo.com\/web\/wp-content\/uploads\/2015\/01\/toro-carnaval.jpg 400w\" sizes=\"(min-width: 2200px) 100vw, (min-width: 1104px) 381px, (min-width: 1012px) 572px, (min-width: 920px) 1012px, \" \/><\/a><\/div><\/div><\/div><div class=\"swiper-slide\"><div class=\"fusion-carousel-item-wrapper\"><div class=\"fusion-image-wrapper hover-type-none\"><a data-rel=\"iLightbox[image_carousel_2]\" data-title=\"semana-santa\" aria-label=\"semana-santa\" href=\"http:\/\/hostalesenciudadrodrigo.com\/web\/wp-content\/uploads\/2015\/01\/semana-santa-300x300.jpg\" target=\"_self\"><img decoding=\"async\" width=\"400\" height=\"400\" src=\"https:\/\/hostalesenciudadrodrigo.com\/web\/wp-content\/uploads\/2015\/01\/semana-santa.jpg\" class=\"attachment-full size-full\" alt=\"\" srcset=\"https:\/\/hostalesenciudadrodrigo.com\/web\/wp-content\/uploads\/2015\/01\/semana-santa-200x200.jpg 200w, https:\/\/hostalesenciudadrodrigo.com\/web\/wp-content\/uploads\/2015\/01\/semana-santa.jpg 400w\" sizes=\"(min-width: 2200px) 100vw, (min-width: 1104px) 381px, (min-width: 1012px) 572px, (min-width: 920px) 1012px, \" \/><\/a><\/div><\/div><\/div><div class=\"swiper-slide\"><div class=\"fusion-carousel-item-wrapper\"><div class=\"fusion-image-wrapper hover-type-none\"><a data-rel=\"iLightbox[image_carousel_2]\" data-title=\"feria-teatro\" aria-label=\"feria-teatro\" href=\"http:\/\/hostalesenciudadrodrigo.com\/web\/wp-content\/uploads\/2015\/01\/feria-teatro-300x300.jpg\" target=\"_self\"><img decoding=\"async\" width=\"400\" height=\"400\" src=\"https:\/\/hostalesenciudadrodrigo.com\/web\/wp-content\/uploads\/2015\/01\/feria-teatro.jpg\" class=\"attachment-full size-full\" alt=\"\" srcset=\"https:\/\/hostalesenciudadrodrigo.com\/web\/wp-content\/uploads\/2015\/01\/feria-teatro-200x200.jpg 200w, https:\/\/hostalesenciudadrodrigo.com\/web\/wp-content\/uploads\/2015\/01\/feria-teatro.jpg 400w\" sizes=\"(min-width: 2200px) 100vw, (min-width: 1104px) 381px, (min-width: 1012px) 572px, (min-width: 920px) 1012px, \" \/><\/a><\/div><\/div><\/div><\/div><div class=\"awb-swiper-button awb-swiper-button-prev\"><i class=\"awb-icon-angle-left\" aria-hidden=\"true\"><\/i><\/div><div class=\"awb-swiper-button awb-swiper-button-next\"><i class=\"awb-icon-angle-right\" aria-hidden=\"true\"><\/i><\/div><\/div><\/div><div class=\"fusion-clearfix\"><\/div><\/div><\/div><\/div><\/div><\/p>\n","protected":false},"excerpt":{"rendered":"","protected":false},"author":1,"featured_media":0,"parent":0,"menu_order":0,"comment_status":"closed","ping_status":"closed","template":"100-width.php","meta":{"footnotes":""},"class_list":["post-13","page","type-page","status-publish","hentry"],"_links":{"self":[{"href":"https:\/\/hostalesenciudadrodrigo.com\/web\/wp-json\/wp\/v2\/pages\/13","targetHints":{"allow":["GET"]}}],"collection":[{"href":"https:\/\/hostalesenciudadrodrigo.com\/web\/wp-json\/wp\/v2\/pages"}],"about":[{"href":"https:\/\/hostalesenciudadrodrigo.com\/web\/wp-json\/wp\/v2\/types\/page"}],"author":[{"embeddable":true,"href":"https:\/\/hostalesenciudadrodrigo.com\/web\/wp-json\/wp\/v2\/users\/1"}],"replies":[{"embeddable":true,"href":"https:\/\/hostalesenciudadrodrigo.com\/web\/wp-json\/wp\/v2\/comments?post=13"}],"version-history":[{"count":11,"href":"https:\/\/hostalesenciudadrodrigo.com\/web\/wp-json\/wp\/v2\/pages\/13\/revisions"}],"predecessor-version":[{"id":1088,"href":"https:\/\/hostalesenciudadrodrigo.com\/web\/wp-json\/wp\/v2\/pages\/13\/revisions\/1088"}],"wp:attachment":[{"href":"https:\/\/hostalesenciudadrodrigo.com\/web\/wp-json\/wp\/v2\/media?parent=13"}],"curies":[{"name":"wp","href":"https:\/\/api.w.org\/{rel}","templated":true}]}}